{"id":24922,"date":"2026-05-04T10:52:27","date_gmt":"2026-05-04T07:52:27","guid":{"rendered":"https:\/\/zelbukis.lt\/?page_id=24922"},"modified":"2026-05-04T13:00:20","modified_gmt":"2026-05-04T10:00:20","slug":"pristatymas","status":"publish","type":"page","link":"https:\/\/zelbukis.lt\/en\/pristatymas\/","title":{"rendered":"Delivery"},"content":{"rendered":"<div data-elementor-type=\"wp-post\" data-elementor-id=\"24922\" class=\"elementor elementor-24922\" data-elementor-post-type=\"page\">\n\t\t\t\t<div class=\"elementor-element elementor-element-e482cc0 e-flex e-con-boxed e-con e-parent\" data-id=\"e482cc0\" data-element_type=\"container\" data-e-type=\"container\" data-settings=\"{&quot;background_background&quot;:&quot;classic&quot;}\">\n\t\t\t\t\t<div class=\"e-con-inner\">\n\t\t<div class=\"elementor-element elementor-element-c2fe293 e-con-full e-flex e-con e-child\" data-id=\"c2fe293\" data-element_type=\"container\" data-e-type=\"container\">\n\t\t\t\t<\/div>\n\t\t\t\t\t<\/div>\n\t\t\t\t<\/div>\n\t\t<div class=\"elementor-element elementor-element-11423a4 e-flex e-con-boxed e-con e-parent\" data-id=\"11423a4\" data-element_type=\"container\" data-e-type=\"container\">\n\t\t\t\t\t<div class=\"e-con-inner\">\n\t\t\t\t<div class=\"elementor-element elementor-element-bd494c5 elementor-widget elementor-widget-text-editor\" data-id=\"bd494c5\" data-element_type=\"widget\" data-e-type=\"widget\" data-widget_type=\"text-editor.default\">\n\t\t\t\t<div class=\"elementor-widget-container\">\n\t\t\t\t\t\t\t\t\t<p class=\"has-color-4-color has-text-color has-medium-font-size\"><span style=\"color: #99cc00;\"><strong>DELIVERY TIME AND CONDITIONS<\/strong><\/span><\/p><p>We always try to deliver as quickly as possible. We usually ship within 1-2 business days. If the order is placed before 12 noon, there is a high chance that it will be shipped the same day. Parcels are handed over to couriers only on business days.<\/p><p>In exceptional cases, we can also ship on weekends or holidays, depending on the couriers' working hours.<\/p><p>We work with \"Omniva\" and \"DPD\", so we send to their parcel machines or directly to homes and companies. You can also come to our farm and pick up for free at the address Voverkio g. 2, Nikan\u010diai, \u0160iauliai district, call +370 685 65639 before coming.<\/p><p class=\"has-color-4-color has-text-color has-medium-font-size\"><span style=\"color: #99cc00;\"><strong>SHIPPING WEIGHT AND PRICES<\/strong><\/span><\/p><p>For now, we only deliver in Lithuania to Omniva parcel machines or via DPD courier to your home. The shipping cost depends on the weight of the parcel. The minimum order weight is 0.04 kg. The maximum weight per parcel machine is 25 kg. However, you can always order a larger quantity, then several parcels will be formed and the shipping cost will be calculated.<\/p><p><span style=\"color: #99cc00;\"><strong>Prices:<\/strong><\/span><\/p><p>Up to 10 kg to the Omniva parcel machine\u00a0<strong>3,62 \u20ac<\/strong><\/p><p>Up to 10 kg DPD courier<strong>\u00a06,93 \u20ac<\/strong><\/p><p>Up to 25 kg DPD parcel machine\u00a0<strong>5,45 \u20ac<\/strong><\/p><p>11-25 kg to the Omniva parcel machine\u00a0<strong>4,61 \u20ac<\/strong><\/p><p>11-20 kg DPD courier\u00a0<strong>\u00a08,75 \u20ac<\/strong><\/p><p class=\"has-color-4-color has-text-color has-medium-font-size\"><strong>SUSTAINABLE PACKAGING<\/strong><\/p>\t\t\t\t\t\t\t\t<\/div>\n\t\t\t\t<\/div>\n\t\t\t\t\t<\/div>\n\t\t\t\t<\/div>\n\t\t\t\t<\/div>","protected":false},"excerpt":{"rendered":"<p>PRISTATYMO LAIKAS IR S\u0104LYGOS Visada stengiam\u0117s pristatyti kuo \u012fmanoma grei\u010diau. Da\u017eniausiai siuntas i\u0161siun\u010diame per 1-2 darbo dienas. Jei u\u017esakymas padarytas iki 12 val. dienos, yra didel\u0117 tikimyb\u0117, kad bus i\u0161si\u0173stas t\u0105 pa\u010di\u0105 dien\u0105. Siuntiniai atiduodami kurjeriams tik darbo dienomis. I\u0161skirtiniais atvejais, galime i\u0161si\u0173sti ir savaitgaliais ar \u0161ven\u010di\u0173 dienomis, priklausomai kaip dirba kurjeriai. Dirbame su \u201eOmniva\u201d [&hellip;]<\/p>\n","protected":false},"author":99999,"featured_media":25082,"parent":0,"menu_order":0,"comment_status":"closed","ping_status":"closed","template":"","meta":{"site-sidebar-layout":"no-sidebar","site-content-layout":"page-builder","ast-site-content-layout":"full-width-container","site-content-style":"unboxed","site-sidebar-style":"unboxed","ast-global-header-display":"","ast-banner-title-visibility":"","ast-main-header-display":"","ast-hfb-above-header-display":"","ast-hfb-below-header-display":"","ast-hfb-mobile-header-display":"","site-post-title":"disabled","ast-breadcrumbs-content":"","ast-featured-img":"disabled","footer-sml-layout":"","ast-disable-related-posts":"","theme-transparent-header-meta":"disabled","adv-header-id-meta":"","stick-header-meta":"","header-above-stick-meta":"","header-main-stick-meta":"","header-below-stick-meta":"","astra-migrate-meta-layouts":"set","ast-page-background-enabled":"default","ast-page-background-meta":{"desktop":{"background-color":"","background-image":"","background-repeat":"repeat","background-position":"center center","background-size":"auto","background-attachment":"scroll","background-type":"","background-media":"","overlay-type":"","overlay-color":"","overlay-opacity":"","overlay-gradient":""},"tablet":{"background-color":"","background-image":"","background-repeat":"repeat","background-position":"center center","background-size":"auto","background-attachment":"scroll","background-type":"","background-media":"","overlay-type":"","overlay-color":"","overlay-opacity":"","overlay-gradient":""},"mobile":{"background-color":"","background-image":"","background-repeat":"repeat","background-position":"center center","background-size":"auto","background-attachment":"scroll","background-type":"","background-media":"","overlay-type":"","overlay-color":"","overlay-opacity":"","overlay-gradient":""}},"ast-content-background-meta":{"desktop":{"background-color":"var(--ast-global-color-5)","background-image":"","background-repeat":"repeat","background-position":"center center","background-size":"auto","background-attachment":"scroll","background-type":"","background-media":"","overlay-type":"","overlay-color":"","overlay-opacity":"","overlay-gradient":""},"tablet":{"background-color":"var(--ast-global-color-5)","background-image":"","background-repeat":"repeat","background-position":"center center","background-size":"auto","background-attachment":"scroll","background-type":"","background-media":"","overlay-type":"","overlay-color":"","overlay-opacity":"","overlay-gradient":""},"mobile":{"background-color":"var(--ast-global-color-5)","background-image":"","background-repeat":"repeat","background-position":"center center","background-size":"auto","background-attachment":"scroll","background-type":"","background-media":"","overlay-type":"","overlay-color":"","overlay-opacity":"","overlay-gradient":""}},"footnotes":""},"class_list":["post-24922","page","type-page","status-publish","has-post-thumbnail","hentry"],"yoast_head":"<!-- This site is optimized with the Yoast SEO plugin v27.5 - https:\/\/yoast.com\/product\/yoast-seo-wordpress\/ -->\n<title>Pristatymas - Zelbukis<\/title>\n<meta name=\"description\" content=\"Su\u017einokite apie Zelbukis produkt\u0173 pristatym\u0105. Greitas ir patikimas siuntimas visoje Lietuvoje per 1\u20133 darbo dienas.\" \/>\n<meta name=\"robots\" content=\"index, follow, max-snippet:-1, max-image-preview:large, max-video-preview:-1\" \/>\n<link rel=\"canonical\" href=\"https:\/\/zelbukis.lt\/en\/pristatymas\/\" \/>\n<meta property=\"og:locale\" content=\"en_GB\" \/>\n<meta property=\"og:type\" content=\"article\" \/>\n<meta property=\"og:title\" content=\"Pristatymas - Zelbukis\" \/>\n<meta property=\"og:description\" content=\"Su\u017einokite apie Zelbukis produkt\u0173 pristatym\u0105. Greitas ir patikimas siuntimas visoje Lietuvoje per 1\u20133 darbo dienas.\" \/>\n<meta property=\"og:url\" content=\"https:\/\/zelbukis.lt\/en\/pristatymas\/\" \/>\n<meta property=\"og:site_name\" content=\"Zelbukis\" \/>\n<meta property=\"article:publisher\" content=\"https:\/\/www.facebook.com\/Zelbukis-205677766113769\/\" \/>\n<meta property=\"article:modified_time\" content=\"2026-05-04T10:00:20+00:00\" \/>\n<meta property=\"og:image\" content=\"https:\/\/zelbukis.lt\/wp-content\/uploads\/2026\/05\/miltu-pristatymas-lietuvoje.webp\" \/>\n\t<meta property=\"og:image:width\" content=\"1600\" \/>\n\t<meta property=\"og:image:height\" content=\"1200\" \/>\n\t<meta property=\"og:image:type\" content=\"image\/webp\" \/>\n<meta name=\"twitter:card\" content=\"summary_large_image\" \/>\n<meta name=\"twitter:label1\" content=\"Estimated reading time\" \/>\n\t<meta name=\"twitter:data1\" content=\"2 minutes\" \/>\n<script type=\"application\/ld+json\" class=\"yoast-schema-graph\">{\"@context\":\"https:\\\/\\\/schema.org\",\"@graph\":[{\"@type\":\"WebPage\",\"@id\":\"https:\\\/\\\/zelbukis.lt\\\/pristatymas\\\/\",\"url\":\"https:\\\/\\\/zelbukis.lt\\\/pristatymas\\\/\",\"name\":\"Pristatymas - Zelbukis\",\"isPartOf\":{\"@id\":\"https:\\\/\\\/zelbukis.lt\\\/#website\"},\"primaryImageOfPage\":{\"@id\":\"https:\\\/\\\/zelbukis.lt\\\/pristatymas\\\/#primaryimage\"},\"image\":{\"@id\":\"https:\\\/\\\/zelbukis.lt\\\/pristatymas\\\/#primaryimage\"},\"thumbnailUrl\":\"https:\\\/\\\/zelbukis.lt\\\/wp-content\\\/uploads\\\/2026\\\/05\\\/miltu-pristatymas-lietuvoje.webp\",\"datePublished\":\"2026-05-04T07:52:27+00:00\",\"dateModified\":\"2026-05-04T10:00:20+00:00\",\"description\":\"Su\u017einokite apie Zelbukis produkt\u0173 pristatym\u0105. Greitas ir patikimas siuntimas visoje Lietuvoje per 1\u20133 darbo dienas.\",\"breadcrumb\":{\"@id\":\"https:\\\/\\\/zelbukis.lt\\\/pristatymas\\\/#breadcrumb\"},\"inLanguage\":\"en-GB\",\"potentialAction\":[{\"@type\":\"ReadAction\",\"target\":[\"https:\\\/\\\/zelbukis.lt\\\/pristatymas\\\/\"]}]},{\"@type\":\"ImageObject\",\"inLanguage\":\"en-GB\",\"@id\":\"https:\\\/\\\/zelbukis.lt\\\/pristatymas\\\/#primaryimage\",\"url\":\"https:\\\/\\\/zelbukis.lt\\\/wp-content\\\/uploads\\\/2026\\\/05\\\/miltu-pristatymas-lietuvoje.webp\",\"contentUrl\":\"https:\\\/\\\/zelbukis.lt\\\/wp-content\\\/uploads\\\/2026\\\/05\\\/miltu-pristatymas-lietuvoje.webp\",\"width\":1600,\"height\":1200,\"caption\":\"Greitas nat\u016brali\u0173 milt\u0173 pristatymas Lietuvoje per 1\u20133 dienas\"},{\"@type\":\"BreadcrumbList\",\"@id\":\"https:\\\/\\\/zelbukis.lt\\\/pristatymas\\\/#breadcrumb\",\"itemListElement\":[{\"@type\":\"ListItem\",\"position\":1,\"name\":\"Titulinis\",\"item\":\"https:\\\/\\\/zelbukis.lt\\\/\"},{\"@type\":\"ListItem\",\"position\":2,\"name\":\"Pristatymas\"}]},{\"@type\":\"WebSite\",\"@id\":\"https:\\\/\\\/zelbukis.lt\\\/#website\",\"url\":\"https:\\\/\\\/zelbukis.lt\\\/\",\"name\":\"Zelbukis\",\"description\":\"Miltai sveikiems \u017emon\u0117ms\",\"publisher\":{\"@id\":\"https:\\\/\\\/zelbukis.lt\\\/#organization\"},\"potentialAction\":[{\"@type\":\"SearchAction\",\"target\":{\"@type\":\"EntryPoint\",\"urlTemplate\":\"https:\\\/\\\/zelbukis.lt\\\/?s={search_term_string}\"},\"query-input\":{\"@type\":\"PropertyValueSpecification\",\"valueRequired\":true,\"valueName\":\"search_term_string\"}}],\"inLanguage\":\"en-GB\"},{\"@type\":\"Organization\",\"@id\":\"https:\\\/\\\/zelbukis.lt\\\/#organization\",\"name\":\"Zelbukis - miltai sveikiems \u017emon\u0117ms!\",\"url\":\"https:\\\/\\\/zelbukis.lt\\\/\",\"logo\":{\"@type\":\"ImageObject\",\"inLanguage\":\"en-GB\",\"@id\":\"https:\\\/\\\/zelbukis.lt\\\/#\\\/schema\\\/logo\\\/image\\\/\",\"url\":\"https:\\\/\\\/zelbukis.lt\\\/wp-content\\\/uploads\\\/2018\\\/03\\\/logo.jpg\",\"contentUrl\":\"https:\\\/\\\/zelbukis.lt\\\/wp-content\\\/uploads\\\/2018\\\/03\\\/logo.jpg\",\"width\":186,\"height\":101,\"caption\":\"Zelbukis - miltai sveikiems \u017emon\u0117ms!\"},\"image\":{\"@id\":\"https:\\\/\\\/zelbukis.lt\\\/#\\\/schema\\\/logo\\\/image\\\/\"},\"sameAs\":[\"https:\\\/\\\/www.facebook.com\\\/Zelbukis-205677766113769\\\/\",\"https:\\\/\\\/www.instagram.com\\\/zelbukis\\\/\"]}]}<\/script>\n<!-- \/ Yoast SEO plugin. -->","yoast_head_json":{"title":"Pristatymas - Zelbukis","description":"Su\u017einokite apie Zelbukis produkt\u0173 pristatym\u0105. Greitas ir patikimas siuntimas visoje Lietuvoje per 1\u20133 darbo dienas.","robots":{"index":"index","follow":"follow","max-snippet":"max-snippet:-1","max-image-preview":"max-image-preview:large","max-video-preview":"max-video-preview:-1"},"canonical":"https:\/\/zelbukis.lt\/en\/pristatymas\/","og_locale":"en_GB","og_type":"article","og_title":"Pristatymas - Zelbukis","og_description":"Su\u017einokite apie Zelbukis produkt\u0173 pristatym\u0105. Greitas ir patikimas siuntimas visoje Lietuvoje per 1\u20133 darbo dienas.","og_url":"https:\/\/zelbukis.lt\/en\/pristatymas\/","og_site_name":"Zelbukis","article_publisher":"https:\/\/www.facebook.com\/Zelbukis-205677766113769\/","article_modified_time":"2026-05-04T10:00:20+00:00","og_image":[{"width":1600,"height":1200,"url":"https:\/\/zelbukis.lt\/wp-content\/uploads\/2026\/05\/miltu-pristatymas-lietuvoje.webp","type":"image\/webp"}],"twitter_card":"summary_large_image","twitter_misc":{"Estimated reading time":"2 minutes"},"schema":{"@context":"https:\/\/schema.org","@graph":[{"@type":"WebPage","@id":"https:\/\/zelbukis.lt\/pristatymas\/","url":"https:\/\/zelbukis.lt\/pristatymas\/","name":"Pristatymas - Zelbukis","isPartOf":{"@id":"https:\/\/zelbukis.lt\/#website"},"primaryImageOfPage":{"@id":"https:\/\/zelbukis.lt\/pristatymas\/#primaryimage"},"image":{"@id":"https:\/\/zelbukis.lt\/pristatymas\/#primaryimage"},"thumbnailUrl":"https:\/\/zelbukis.lt\/wp-content\/uploads\/2026\/05\/miltu-pristatymas-lietuvoje.webp","datePublished":"2026-05-04T07:52:27+00:00","dateModified":"2026-05-04T10:00:20+00:00","description":"Su\u017einokite apie Zelbukis produkt\u0173 pristatym\u0105. Greitas ir patikimas siuntimas visoje Lietuvoje per 1\u20133 darbo dienas.","breadcrumb":{"@id":"https:\/\/zelbukis.lt\/pristatymas\/#breadcrumb"},"inLanguage":"en-GB","potentialAction":[{"@type":"ReadAction","target":["https:\/\/zelbukis.lt\/pristatymas\/"]}]},{"@type":"ImageObject","inLanguage":"en-GB","@id":"https:\/\/zelbukis.lt\/pristatymas\/#primaryimage","url":"https:\/\/zelbukis.lt\/wp-content\/uploads\/2026\/05\/miltu-pristatymas-lietuvoje.webp","contentUrl":"https:\/\/zelbukis.lt\/wp-content\/uploads\/2026\/05\/miltu-pristatymas-lietuvoje.webp","width":1600,"height":1200,"caption":"Greitas nat\u016brali\u0173 milt\u0173 pristatymas Lietuvoje per 1\u20133 dienas"},{"@type":"BreadcrumbList","@id":"https:\/\/zelbukis.lt\/pristatymas\/#breadcrumb","itemListElement":[{"@type":"ListItem","position":1,"name":"Titulinis","item":"https:\/\/zelbukis.lt\/"},{"@type":"ListItem","position":2,"name":"Pristatymas"}]},{"@type":"WebSite","@id":"https:\/\/zelbukis.lt\/#website","url":"https:\/\/zelbukis.lt\/","name":"Zelbukis","description":"Miltai sveikiems \u017emon\u0117ms","publisher":{"@id":"https:\/\/zelbukis.lt\/#organization"},"potentialAction":[{"@type":"SearchAction","target":{"@type":"EntryPoint","urlTemplate":"https:\/\/zelbukis.lt\/?s={search_term_string}"},"query-input":{"@type":"PropertyValueSpecification","valueRequired":true,"valueName":"search_term_string"}}],"inLanguage":"en-GB"},{"@type":"Organization","@id":"https:\/\/zelbukis.lt\/#organization","name":"Zelbukis - miltai sveikiems \u017emon\u0117ms!","url":"https:\/\/zelbukis.lt\/","logo":{"@type":"ImageObject","inLanguage":"en-GB","@id":"https:\/\/zelbukis.lt\/#\/schema\/logo\/image\/","url":"https:\/\/zelbukis.lt\/wp-content\/uploads\/2018\/03\/logo.jpg","contentUrl":"https:\/\/zelbukis.lt\/wp-content\/uploads\/2018\/03\/logo.jpg","width":186,"height":101,"caption":"Zelbukis - miltai sveikiems \u017emon\u0117ms!"},"image":{"@id":"https:\/\/zelbukis.lt\/#\/schema\/logo\/image\/"},"sameAs":["https:\/\/www.facebook.com\/Zelbukis-205677766113769\/","https:\/\/www.instagram.com\/zelbukis\/"]}]}},"_links":{"self":[{"href":"https:\/\/zelbukis.lt\/en\/wp-json\/wp\/v2\/pages\/24922","targetHints":{"allow":["GET"]}}],"collection":[{"href":"https:\/\/zelbukis.lt\/en\/wp-json\/wp\/v2\/pages"}],"about":[{"href":"https:\/\/zelbukis.lt\/en\/wp-json\/wp\/v2\/types\/page"}],"author":[{"embeddable":true,"href":"https:\/\/zelbukis.lt\/en\/wp-json\/wp\/v2\/users\/99999"}],"replies":[{"embeddable":true,"href":"https:\/\/zelbukis.lt\/en\/wp-json\/wp\/v2\/comments?post=24922"}],"version-history":[{"count":1,"href":"https:\/\/zelbukis.lt\/en\/wp-json\/wp\/v2\/pages\/24922\/revisions"}],"predecessor-version":[{"id":25083,"href":"https:\/\/zelbukis.lt\/en\/wp-json\/wp\/v2\/pages\/24922\/revisions\/25083"}],"wp:featuredmedia":[{"embeddable":true,"href":"https:\/\/zelbukis.lt\/en\/wp-json\/wp\/v2\/media\/25082"}],"wp:attachment":[{"href":"https:\/\/zelbukis.lt\/en\/wp-json\/wp\/v2\/media?parent=24922"}],"curies":[{"name":"wp","href":"https:\/\/api.w.org\/{rel}","templated":true}]}}