{"id":13781,"date":"2018-03-26T14:56:58","date_gmt":"2018-03-26T16:56:58","guid":{"rendered":"https:\/\/zelbukis.lt\/?post_type=product&#038;p=13781"},"modified":"2025-10-17T17:20:37","modified_gmt":"2025-10-17T14:20:37","slug":"kvieciu-selenos","status":"publish","type":"product","link":"https:\/\/zelbukis.lt\/en\/product\/kvieciu-selenos\/","title":{"rendered":"Wheat bran 0.3 kg"},"content":{"rendered":"<p>Bran is the top layer of the grain. It is not for nothing that it is called the \"intestinal broom\" because of the nutrients and vitamins it contains.<\/p>","protected":false},"excerpt":{"rendered":"<p>Bran is the top layer of the grain. It is not for nothing that it is called the \"intestinal broom\" because of the nutrients and vitamins it contains.<\/p>\n<p><img decoding=\"async\" class=\"alignleft wp-image-21761 size-full\" src=\"https:\/\/zelbukis.lt\/wp-content\/uploads\/2025\/03\/rakto-skylute_web.jpg\" alt=\"rakto skylute\" width=\"50\" height=\"51\" \/><\/p>","protected":false},"featured_media":20261,"template":"","meta":{"site-sidebar-layout":"default","site-content-layout":"","ast-site-content-layout":"default","site-content-style":"default","site-sidebar-style":"default","ast-global-header-display":"","ast-banner-title-visibility":"","ast-main-header-display":"","ast-hfb-above-header-display":"","ast-hfb-below-header-display":"","ast-hfb-mobile-header-display":"","site-post-title":"","ast-breadcrumbs-content":"","ast-featured-img":"","footer-sml-layout":"","ast-disable-related-posts":"","theme-transparent-header-meta":"","adv-header-id-meta":"","stick-header-meta":"","header-above-stick-meta":"","header-main-stick-meta":"","header-below-stick-meta":"","astra-migrate-meta-layouts":"default","ast-page-background-enabled":"default","ast-page-background-meta":{"desktop":{"background-color":"","background-image":"","background-repeat":"repeat","background-position":"center center","background-size":"auto","background-attachment":"scroll","background-type":"","background-media":"","overlay-type":"","overlay-color":"","overlay-opacity":"","overlay-gradient":""},"tablet":{"background-color":"","background-image":"","background-repeat":"repeat","background-position":"center center","background-size":"auto","background-attachment":"scroll","background-type":"","background-media":"","overlay-type":"","overlay-color":"","overlay-opacity":"","overlay-gradient":""},"mobile":{"background-color":"","background-image":"","background-repeat":"repeat","background-position":"center center","background-size":"auto","background-attachment":"scroll","background-type":"","background-media":"","overlay-type":"","overlay-color":"","overlay-opacity":"","overlay-gradient":""}},"ast-content-background-meta":{"desktop":{"background-color":"var(--ast-global-color-5)","background-image":"","background-repeat":"repeat","background-position":"center center","background-size":"auto","background-attachment":"scroll","background-type":"","background-media":"","overlay-type":"","overlay-color":"","overlay-opacity":"","overlay-gradient":""},"tablet":{"background-color":"var(--ast-global-color-5)","background-image":"","background-repeat":"repeat","background-position":"center center","background-size":"auto","background-attachment":"scroll","background-type":"","background-media":"","overlay-type":"","overlay-color":"","overlay-opacity":"","overlay-gradient":""},"mobile":{"background-color":"var(--ast-global-color-5)","background-image":"","background-repeat":"repeat","background-position":"center center","background-size":"auto","background-attachment":"scroll","background-type":"","background-media":"","overlay-type":"","overlay-color":"","overlay-opacity":"","overlay-gradient":""}}},"product_brand":[],"product_cat":[58],"product_tag":[],"class_list":{"0":"post-13781","1":"product","2":"type-product","3":"status-publish","4":"has-post-thumbnail","6":"product_cat-selenos","7":"desktop-align-center","8":"tablet-align-center","9":"mobile-align-center","11":"first","12":"instock","13":"taxable","14":"shipping-taxable","15":"purchasable","16":"product-type-simple"},"yoast_head":"<!-- This site is optimized with the Yoast SEO plugin v27.5 - https:\/\/yoast.com\/product\/yoast-seo-wordpress\/ -->\n<title>Kvie\u010di\u0173 s\u0117lenos 0,3 kg - Zelbukis - Produkcija<\/title>\n<meta name=\"description\" content=\"Kvie\u010di\u0173 s\u0117lenos - vir\u0161utinis gr\u016bdo sluoksnis. Ne veltui vadinamos &quot;\u017earnyno \u0161luota&quot;, d\u0117l juose esan\u010di\u0173 maisting\u0173j\u0173 med\u017eiag\u0173 bei vitamin\u0173. Rekomenduoja besilaikantiems dietos.\" \/>\n<meta name=\"robots\" content=\"index, follow, max-snippet:-1, max-image-preview:large, max-video-preview:-1\" \/>\n<link rel=\"canonical\" href=\"https:\/\/zelbukis.lt\/en\/product\/kvieciu-selenos\/\" \/>\n<meta property=\"og:locale\" content=\"en_GB\" \/>\n<meta property=\"og:type\" content=\"article\" \/>\n<meta property=\"og:title\" content=\"Kvie\u010di\u0173 s\u0117lenos 0,3 kg - Zelbukis - Produkcija\" \/>\n<meta property=\"og:description\" content=\"Kvie\u010di\u0173 s\u0117lenos - vir\u0161utinis gr\u016bdo sluoksnis. Ne veltui vadinamos &quot;\u017earnyno \u0161luota&quot;, d\u0117l juose esan\u010di\u0173 maisting\u0173j\u0173 med\u017eiag\u0173 bei vitamin\u0173. Rekomenduoja besilaikantiems dietos.\" \/>\n<meta property=\"og:url\" content=\"https:\/\/zelbukis.lt\/en\/product\/kvieciu-selenos\/\" \/>\n<meta property=\"og:site_name\" content=\"Zelbukis\" \/>\n<meta property=\"article:publisher\" content=\"https:\/\/www.facebook.com\/Zelbukis-205677766113769\/\" \/>\n<meta property=\"article:modified_time\" content=\"2025-10-17T14:20:37+00:00\" \/>\n<meta property=\"og:image\" content=\"https:\/\/zelbukis.lt\/wp-content\/uploads\/2018\/03\/kvieciu-selenu-1.jpg\" \/>\n\t<meta property=\"og:image:width\" content=\"1417\" \/>\n\t<meta property=\"og:image:height\" content=\"1063\" \/>\n\t<meta property=\"og:image:type\" content=\"image\/jpeg\" \/>\n<meta name=\"twitter:card\" content=\"summary_large_image\" \/>\n<meta name=\"twitter:label1\" content=\"Estimated reading time\" \/>\n\t<meta name=\"twitter:data1\" content=\"1 minute\" \/>\n<script type=\"application\/ld+json\" class=\"yoast-schema-graph\">{\"@context\":\"https:\\\/\\\/schema.org\",\"@graph\":[{\"@type\":\"WebPage\",\"@id\":\"https:\\\/\\\/zelbukis.lt\\\/produktas\\\/kvieciu-selenos\\\/\",\"url\":\"https:\\\/\\\/zelbukis.lt\\\/produktas\\\/kvieciu-selenos\\\/\",\"name\":\"Kvie\u010di\u0173 s\u0117lenos 0,3 kg - Zelbukis - Produkcija\",\"isPartOf\":{\"@id\":\"https:\\\/\\\/zelbukis.lt\\\/#website\"},\"primaryImageOfPage\":{\"@id\":\"https:\\\/\\\/zelbukis.lt\\\/produktas\\\/kvieciu-selenos\\\/#primaryimage\"},\"image\":{\"@id\":\"https:\\\/\\\/zelbukis.lt\\\/produktas\\\/kvieciu-selenos\\\/#primaryimage\"},\"thumbnailUrl\":\"https:\\\/\\\/zelbukis.lt\\\/wp-content\\\/uploads\\\/2018\\\/03\\\/kvieciu-selenu-1.jpg\",\"datePublished\":\"2018-03-26T16:56:58+00:00\",\"dateModified\":\"2025-10-17T14:20:37+00:00\",\"description\":\"Kvie\u010di\u0173 s\u0117lenos - vir\u0161utinis gr\u016bdo sluoksnis. Ne veltui vadinamos \\\"\u017earnyno \u0161luota\\\", d\u0117l juose esan\u010di\u0173 maisting\u0173j\u0173 med\u017eiag\u0173 bei vitamin\u0173. Rekomenduoja besilaikantiems dietos.\",\"breadcrumb\":{\"@id\":\"https:\\\/\\\/zelbukis.lt\\\/produktas\\\/kvieciu-selenos\\\/#breadcrumb\"},\"inLanguage\":\"en-GB\",\"potentialAction\":[{\"@type\":\"ReadAction\",\"target\":[\"https:\\\/\\\/zelbukis.lt\\\/produktas\\\/kvieciu-selenos\\\/\"]}]},{\"@type\":\"ImageObject\",\"inLanguage\":\"en-GB\",\"@id\":\"https:\\\/\\\/zelbukis.lt\\\/produktas\\\/kvieciu-selenos\\\/#primaryimage\",\"url\":\"https:\\\/\\\/zelbukis.lt\\\/wp-content\\\/uploads\\\/2018\\\/03\\\/kvieciu-selenu-1.jpg\",\"contentUrl\":\"https:\\\/\\\/zelbukis.lt\\\/wp-content\\\/uploads\\\/2018\\\/03\\\/kvieciu-selenu-1.jpg\",\"width\":1417,\"height\":1063,\"caption\":\"kvieciu selenos\"},{\"@type\":\"BreadcrumbList\",\"@id\":\"https:\\\/\\\/zelbukis.lt\\\/produktas\\\/kvieciu-selenos\\\/#breadcrumb\",\"itemListElement\":[{\"@type\":\"ListItem\",\"position\":1,\"name\":\"Titulinis\",\"item\":\"https:\\\/\\\/zelbukis.lt\\\/\"},{\"@type\":\"ListItem\",\"position\":2,\"name\":\"Parduotuv\u0117\",\"item\":\"https:\\\/\\\/zelbukis.lt\\\/parduotuve\\\/\"},{\"@type\":\"ListItem\",\"position\":3,\"name\":\"Kvie\u010di\u0173 s\u0117lenos 0,3 kg\"}]},{\"@type\":\"WebSite\",\"@id\":\"https:\\\/\\\/zelbukis.lt\\\/#website\",\"url\":\"https:\\\/\\\/zelbukis.lt\\\/\",\"name\":\"Zelbukis\",\"description\":\"Miltai sveikiems \u017emon\u0117ms\",\"publisher\":{\"@id\":\"https:\\\/\\\/zelbukis.lt\\\/#organization\"},\"potentialAction\":[{\"@type\":\"SearchAction\",\"target\":{\"@type\":\"EntryPoint\",\"urlTemplate\":\"https:\\\/\\\/zelbukis.lt\\\/?s={search_term_string}\"},\"query-input\":{\"@type\":\"PropertyValueSpecification\",\"valueRequired\":true,\"valueName\":\"search_term_string\"}}],\"inLanguage\":\"en-GB\"},{\"@type\":\"Organization\",\"@id\":\"https:\\\/\\\/zelbukis.lt\\\/#organization\",\"name\":\"Zelbukis - miltai sveikiems \u017emon\u0117ms!\",\"url\":\"https:\\\/\\\/zelbukis.lt\\\/\",\"logo\":{\"@type\":\"ImageObject\",\"inLanguage\":\"en-GB\",\"@id\":\"https:\\\/\\\/zelbukis.lt\\\/#\\\/schema\\\/logo\\\/image\\\/\",\"url\":\"https:\\\/\\\/zelbukis.lt\\\/wp-content\\\/uploads\\\/2018\\\/03\\\/logo.jpg\",\"contentUrl\":\"https:\\\/\\\/zelbukis.lt\\\/wp-content\\\/uploads\\\/2018\\\/03\\\/logo.jpg\",\"width\":186,\"height\":101,\"caption\":\"Zelbukis - miltai sveikiems \u017emon\u0117ms!\"},\"image\":{\"@id\":\"https:\\\/\\\/zelbukis.lt\\\/#\\\/schema\\\/logo\\\/image\\\/\"},\"sameAs\":[\"https:\\\/\\\/www.facebook.com\\\/Zelbukis-205677766113769\\\/\",\"https:\\\/\\\/www.instagram.com\\\/zelbukis\\\/\"]}]}<\/script>\n<!-- \/ Yoast SEO plugin. -->","yoast_head_json":{"title":"Kvie\u010di\u0173 s\u0117lenos 0,3 kg - Zelbukis - Produkcija","description":"Kvie\u010di\u0173 s\u0117lenos - vir\u0161utinis gr\u016bdo sluoksnis. Ne veltui vadinamos \"\u017earnyno \u0161luota\", d\u0117l juose esan\u010di\u0173 maisting\u0173j\u0173 med\u017eiag\u0173 bei vitamin\u0173. Rekomenduoja besilaikantiems dietos.","robots":{"index":"index","follow":"follow","max-snippet":"max-snippet:-1","max-image-preview":"max-image-preview:large","max-video-preview":"max-video-preview:-1"},"canonical":"https:\/\/zelbukis.lt\/en\/product\/kvieciu-selenos\/","og_locale":"en_GB","og_type":"article","og_title":"Kvie\u010di\u0173 s\u0117lenos 0,3 kg - Zelbukis - Produkcija","og_description":"Kvie\u010di\u0173 s\u0117lenos - vir\u0161utinis gr\u016bdo sluoksnis. Ne veltui vadinamos \"\u017earnyno \u0161luota\", d\u0117l juose esan\u010di\u0173 maisting\u0173j\u0173 med\u017eiag\u0173 bei vitamin\u0173. Rekomenduoja besilaikantiems dietos.","og_url":"https:\/\/zelbukis.lt\/en\/product\/kvieciu-selenos\/","og_site_name":"Zelbukis","article_publisher":"https:\/\/www.facebook.com\/Zelbukis-205677766113769\/","article_modified_time":"2025-10-17T14:20:37+00:00","og_image":[{"width":1417,"height":1063,"url":"https:\/\/zelbukis.lt\/wp-content\/uploads\/2018\/03\/kvieciu-selenu-1.jpg","type":"image\/jpeg"}],"twitter_card":"summary_large_image","twitter_misc":{"Estimated reading time":"1 minute"},"schema":{"@context":"https:\/\/schema.org","@graph":[{"@type":"WebPage","@id":"https:\/\/zelbukis.lt\/produktas\/kvieciu-selenos\/","url":"https:\/\/zelbukis.lt\/produktas\/kvieciu-selenos\/","name":"Kvie\u010di\u0173 s\u0117lenos 0,3 kg - Zelbukis - Produkcija","isPartOf":{"@id":"https:\/\/zelbukis.lt\/#website"},"primaryImageOfPage":{"@id":"https:\/\/zelbukis.lt\/produktas\/kvieciu-selenos\/#primaryimage"},"image":{"@id":"https:\/\/zelbukis.lt\/produktas\/kvieciu-selenos\/#primaryimage"},"thumbnailUrl":"https:\/\/zelbukis.lt\/wp-content\/uploads\/2018\/03\/kvieciu-selenu-1.jpg","datePublished":"2018-03-26T16:56:58+00:00","dateModified":"2025-10-17T14:20:37+00:00","description":"Kvie\u010di\u0173 s\u0117lenos - vir\u0161utinis gr\u016bdo sluoksnis. Ne veltui vadinamos \"\u017earnyno \u0161luota\", d\u0117l juose esan\u010di\u0173 maisting\u0173j\u0173 med\u017eiag\u0173 bei vitamin\u0173. Rekomenduoja besilaikantiems dietos.","breadcrumb":{"@id":"https:\/\/zelbukis.lt\/produktas\/kvieciu-selenos\/#breadcrumb"},"inLanguage":"en-GB","potentialAction":[{"@type":"ReadAction","target":["https:\/\/zelbukis.lt\/produktas\/kvieciu-selenos\/"]}]},{"@type":"ImageObject","inLanguage":"en-GB","@id":"https:\/\/zelbukis.lt\/produktas\/kvieciu-selenos\/#primaryimage","url":"https:\/\/zelbukis.lt\/wp-content\/uploads\/2018\/03\/kvieciu-selenu-1.jpg","contentUrl":"https:\/\/zelbukis.lt\/wp-content\/uploads\/2018\/03\/kvieciu-selenu-1.jpg","width":1417,"height":1063,"caption":"kvieciu selenos"},{"@type":"BreadcrumbList","@id":"https:\/\/zelbukis.lt\/produktas\/kvieciu-selenos\/#breadcrumb","itemListElement":[{"@type":"ListItem","position":1,"name":"Titulinis","item":"https:\/\/zelbukis.lt\/"},{"@type":"ListItem","position":2,"name":"Parduotuv\u0117","item":"https:\/\/zelbukis.lt\/parduotuve\/"},{"@type":"ListItem","position":3,"name":"Kvie\u010di\u0173 s\u0117lenos 0,3 kg"}]},{"@type":"WebSite","@id":"https:\/\/zelbukis.lt\/#website","url":"https:\/\/zelbukis.lt\/","name":"Zelbukis","description":"Miltai sveikiems \u017emon\u0117ms","publisher":{"@id":"https:\/\/zelbukis.lt\/#organization"},"potentialAction":[{"@type":"SearchAction","target":{"@type":"EntryPoint","urlTemplate":"https:\/\/zelbukis.lt\/?s={search_term_string}"},"query-input":{"@type":"PropertyValueSpecification","valueRequired":true,"valueName":"search_term_string"}}],"inLanguage":"en-GB"},{"@type":"Organization","@id":"https:\/\/zelbukis.lt\/#organization","name":"Zelbukis - miltai sveikiems \u017emon\u0117ms!","url":"https:\/\/zelbukis.lt\/","logo":{"@type":"ImageObject","inLanguage":"en-GB","@id":"https:\/\/zelbukis.lt\/#\/schema\/logo\/image\/","url":"https:\/\/zelbukis.lt\/wp-content\/uploads\/2018\/03\/logo.jpg","contentUrl":"https:\/\/zelbukis.lt\/wp-content\/uploads\/2018\/03\/logo.jpg","width":186,"height":101,"caption":"Zelbukis - miltai sveikiems \u017emon\u0117ms!"},"image":{"@id":"https:\/\/zelbukis.lt\/#\/schema\/logo\/image\/"},"sameAs":["https:\/\/www.facebook.com\/Zelbukis-205677766113769\/","https:\/\/www.instagram.com\/zelbukis\/"]}]}},"_links":{"self":[{"href":"https:\/\/zelbukis.lt\/en\/wp-json\/wp\/v2\/product\/13781","targetHints":{"allow":["GET"]}}],"collection":[{"href":"https:\/\/zelbukis.lt\/en\/wp-json\/wp\/v2\/product"}],"about":[{"href":"https:\/\/zelbukis.lt\/en\/wp-json\/wp\/v2\/types\/product"}],"wp:featuredmedia":[{"embeddable":true,"href":"https:\/\/zelbukis.lt\/en\/wp-json\/wp\/v2\/media\/20261"}],"wp:attachment":[{"href":"https:\/\/zelbukis.lt\/en\/wp-json\/wp\/v2\/media?parent=13781"}],"wp:term":[{"taxonomy":"product_brand","embeddable":true,"href":"https:\/\/zelbukis.lt\/en\/wp-json\/wp\/v2\/product_brand?post=13781"},{"taxonomy":"product_cat","embeddable":true,"href":"https:\/\/zelbukis.lt\/en\/wp-json\/wp\/v2\/product_cat?post=13781"},{"taxonomy":"product_tag","embeddable":true,"href":"https:\/\/zelbukis.lt\/en\/wp-json\/wp\/v2\/product_tag?post=13781"}],"curies":[{"name":"wp","href":"https:\/\/api.w.org\/{rel}","templated":true}]}}