{"id":1664,"date":"2015-05-07T09:32:12","date_gmt":"2015-05-07T11:32:12","guid":{"rendered":"http:\/\/welfare.cmsmasters.net\/?post_type=product&#038;p=1664"},"modified":"2026-05-13T13:03:42","modified_gmt":"2026-05-13T10:03:42","slug":"spelta","status":"publish","type":"product","link":"https:\/\/zelbukis.lt\/en\/product\/spelta\/","title":{"rendered":"Coarse spelt flour (all parts of the grain)"},"content":{"rendered":"<p>Spelt is one of the oldest wheat varieties. Spelt grains are resistant to external factors, such as pests or chemicals, because they have a thick protective layer called the bran. It is a genetically healthy grain, containing almost all the nutrients and vitamins necessary for human nutrition. Spelt flour, made from coarsely ground whole grain parts, is the healthiest and most nutritious.<\/p>","protected":false},"excerpt":{"rendered":"<p>The whole grain is slowly ground in stone mills, without separating any important grain particles. This flour is best suited for breads, healthy pastries or shortbread cookies. The Zelba family recommends!<\/p>\n<p><img decoding=\"async\" class=\"alignleft wp-image-21761 size-full\" src=\"https:\/\/zelbukis.lt\/wp-content\/uploads\/2025\/03\/rakto-skylute_web.jpg\" alt=\"rakto skylute\" width=\"50\" height=\"51\" \/><\/p>\n<p>&nbsp;<\/p>","protected":false},"featured_media":20246,"template":"","meta":{"site-sidebar-layout":"default","site-content-layout":"","ast-site-content-layout":"default","site-content-style":"default","site-sidebar-style":"default","ast-global-header-display":"","ast-banner-title-visibility":"","ast-main-header-display":"","ast-hfb-above-header-display":"","ast-hfb-below-header-display":"","ast-hfb-mobile-header-display":"","site-post-title":"","ast-breadcrumbs-content":"","ast-featured-img":"","footer-sml-layout":"","ast-disable-related-posts":"","theme-transparent-header-meta":"","adv-header-id-meta":"","stick-header-meta":"","header-above-stick-meta":"","header-main-stick-meta":"","header-below-stick-meta":"","astra-migrate-meta-layouts":"default","ast-page-background-enabled":"default","ast-page-background-meta":{"desktop":{"background-color":"","background-image":"","background-repeat":"repeat","background-position":"center center","background-size":"auto","background-attachment":"scroll","background-type":"","background-media":"","overlay-type":"","overlay-color":"","overlay-opacity":"","overlay-gradient":""},"tablet":{"background-color":"","background-image":"","background-repeat":"repeat","background-position":"center center","background-size":"auto","background-attachment":"scroll","background-type":"","background-media":"","overlay-type":"","overlay-color":"","overlay-opacity":"","overlay-gradient":""},"mobile":{"background-color":"","background-image":"","background-repeat":"repeat","background-position":"center center","background-size":"auto","background-attachment":"scroll","background-type":"","background-media":"","overlay-type":"","overlay-color":"","overlay-opacity":"","overlay-gradient":""}},"ast-content-background-meta":{"desktop":{"background-color":"var(--ast-global-color-5)","background-image":"","background-repeat":"repeat","background-position":"center center","background-size":"auto","background-attachment":"scroll","background-type":"","background-media":"","overlay-type":"","overlay-color":"","overlay-opacity":"","overlay-gradient":""},"tablet":{"background-color":"var(--ast-global-color-5)","background-image":"","background-repeat":"repeat","background-position":"center center","background-size":"auto","background-attachment":"scroll","background-type":"","background-media":"","overlay-type":"","overlay-color":"","overlay-opacity":"","overlay-gradient":""},"mobile":{"background-color":"var(--ast-global-color-5)","background-image":"","background-repeat":"repeat","background-position":"center center","background-size":"auto","background-attachment":"scroll","background-type":"","background-media":"","overlay-type":"","overlay-color":"","overlay-opacity":"","overlay-gradient":""}}},"product_brand":[],"product_cat":[56],"product_tag":[],"class_list":{"0":"post-1664","1":"product","2":"type-product","3":"status-publish","4":"has-post-thumbnail","6":"product_cat-spelta-miltai","7":"desktop-align-center","8":"tablet-align-center","9":"mobile-align-center","11":"first","12":"instock","13":"taxable","14":"shipping-taxable","15":"purchasable","16":"product-type-variable"},"yoast_head":"<!-- This site is optimized with the Yoast SEO plugin v27.5 - https:\/\/yoast.com\/product\/yoast-seo-wordpress\/ -->\n<title>Rup\u016bs spelt\u0173 miltai (vis\u0173 gr\u016bdo dali\u0173) - Zelbukis - Miltai<\/title>\n<meta name=\"description\" content=\"Viso gr\u016bdo rupaus malimo Spelt\u0173 miltai yra patys sveikiausi ir maistingiausi. Jie tinka sausainiams, pyragams, duonel\u0117ms kepti. Zelb\u0173 \u0161eimyna rekomenduoja!\" \/>\n<meta name=\"robots\" content=\"index, follow, max-snippet:-1, max-image-preview:large, max-video-preview:-1\" \/>\n<link rel=\"canonical\" href=\"https:\/\/zelbukis.lt\/en\/product\/spelta\/\" \/>\n<meta property=\"og:locale\" content=\"en_GB\" \/>\n<meta property=\"og:type\" content=\"article\" \/>\n<meta property=\"og:title\" content=\"Rup\u016bs spelt\u0173 miltai (vis\u0173 gr\u016bdo dali\u0173) - Zelbukis - Miltai\" \/>\n<meta property=\"og:description\" content=\"Viso gr\u016bdo rupaus malimo Spelt\u0173 miltai yra patys sveikiausi ir maistingiausi. Jie tinka sausainiams, pyragams, duonel\u0117ms kepti. Zelb\u0173 \u0161eimyna rekomenduoja!\" \/>\n<meta property=\"og:url\" content=\"https:\/\/zelbukis.lt\/en\/product\/spelta\/\" \/>\n<meta property=\"og:site_name\" content=\"Zelbukis\" \/>\n<meta property=\"article:publisher\" content=\"https:\/\/www.facebook.com\/Zelbukis-205677766113769\/\" \/>\n<meta property=\"article:modified_time\" content=\"2026-05-13T10:03:42+00:00\" \/>\n<meta property=\"og:image\" content=\"https:\/\/zelbukis.lt\/wp-content\/uploads\/2015\/05\/rupus-speltu-1.jpg\" \/>\n\t<meta property=\"og:image:width\" content=\"1417\" \/>\n\t<meta property=\"og:image:height\" content=\"1004\" \/>\n\t<meta property=\"og:image:type\" content=\"image\/jpeg\" \/>\n<meta name=\"twitter:card\" content=\"summary_large_image\" \/>\n<meta name=\"twitter:label1\" content=\"Estimated reading time\" \/>\n\t<meta name=\"twitter:data1\" content=\"1 minute\" \/>\n<script type=\"application\/ld+json\" class=\"yoast-schema-graph\">{\"@context\":\"https:\\\/\\\/schema.org\",\"@graph\":[{\"@type\":\"WebPage\",\"@id\":\"https:\\\/\\\/zelbukis.lt\\\/produktas\\\/spelta\\\/\",\"url\":\"https:\\\/\\\/zelbukis.lt\\\/produktas\\\/spelta\\\/\",\"name\":\"Rup\u016bs spelt\u0173 miltai (vis\u0173 gr\u016bdo dali\u0173) - Zelbukis - Miltai\",\"isPartOf\":{\"@id\":\"https:\\\/\\\/zelbukis.lt\\\/#website\"},\"primaryImageOfPage\":{\"@id\":\"https:\\\/\\\/zelbukis.lt\\\/produktas\\\/spelta\\\/#primaryimage\"},\"image\":{\"@id\":\"https:\\\/\\\/zelbukis.lt\\\/produktas\\\/spelta\\\/#primaryimage\"},\"thumbnailUrl\":\"https:\\\/\\\/zelbukis.lt\\\/wp-content\\\/uploads\\\/2015\\\/05\\\/rupus-speltu-1.jpg\",\"datePublished\":\"2015-05-07T11:32:12+00:00\",\"dateModified\":\"2026-05-13T10:03:42+00:00\",\"description\":\"Viso gr\u016bdo rupaus malimo Spelt\u0173 miltai yra patys sveikiausi ir maistingiausi. Jie tinka sausainiams, pyragams, duonel\u0117ms kepti. Zelb\u0173 \u0161eimyna rekomenduoja!\",\"breadcrumb\":{\"@id\":\"https:\\\/\\\/zelbukis.lt\\\/produktas\\\/spelta\\\/#breadcrumb\"},\"inLanguage\":\"en-GB\",\"potentialAction\":[{\"@type\":\"ReadAction\",\"target\":[\"https:\\\/\\\/zelbukis.lt\\\/produktas\\\/spelta\\\/\"]}]},{\"@type\":\"ImageObject\",\"inLanguage\":\"en-GB\",\"@id\":\"https:\\\/\\\/zelbukis.lt\\\/produktas\\\/spelta\\\/#primaryimage\",\"url\":\"https:\\\/\\\/zelbukis.lt\\\/wp-content\\\/uploads\\\/2015\\\/05\\\/rupus-speltu-1.jpg\",\"contentUrl\":\"https:\\\/\\\/zelbukis.lt\\\/wp-content\\\/uploads\\\/2015\\\/05\\\/rupus-speltu-1.jpg\",\"width\":1417,\"height\":1004,\"caption\":\"rupus speltu\"},{\"@type\":\"BreadcrumbList\",\"@id\":\"https:\\\/\\\/zelbukis.lt\\\/produktas\\\/spelta\\\/#breadcrumb\",\"itemListElement\":[{\"@type\":\"ListItem\",\"position\":1,\"name\":\"Titulinis\",\"item\":\"https:\\\/\\\/zelbukis.lt\\\/\"},{\"@type\":\"ListItem\",\"position\":2,\"name\":\"Parduotuv\u0117\",\"item\":\"https:\\\/\\\/zelbukis.lt\\\/parduotuve\\\/\"},{\"@type\":\"ListItem\",\"position\":3,\"name\":\"Rup\u016bs spelt\u0173 miltai (vis\u0173 gr\u016bdo dali\u0173)\"}]},{\"@type\":\"WebSite\",\"@id\":\"https:\\\/\\\/zelbukis.lt\\\/#website\",\"url\":\"https:\\\/\\\/zelbukis.lt\\\/\",\"name\":\"Zelbukis\",\"description\":\"Miltai sveikiems \u017emon\u0117ms\",\"publisher\":{\"@id\":\"https:\\\/\\\/zelbukis.lt\\\/#organization\"},\"potentialAction\":[{\"@type\":\"SearchAction\",\"target\":{\"@type\":\"EntryPoint\",\"urlTemplate\":\"https:\\\/\\\/zelbukis.lt\\\/?s={search_term_string}\"},\"query-input\":{\"@type\":\"PropertyValueSpecification\",\"valueRequired\":true,\"valueName\":\"search_term_string\"}}],\"inLanguage\":\"en-GB\"},{\"@type\":\"Organization\",\"@id\":\"https:\\\/\\\/zelbukis.lt\\\/#organization\",\"name\":\"Zelbukis - miltai sveikiems \u017emon\u0117ms!\",\"url\":\"https:\\\/\\\/zelbukis.lt\\\/\",\"logo\":{\"@type\":\"ImageObject\",\"inLanguage\":\"en-GB\",\"@id\":\"https:\\\/\\\/zelbukis.lt\\\/#\\\/schema\\\/logo\\\/image\\\/\",\"url\":\"https:\\\/\\\/zelbukis.lt\\\/wp-content\\\/uploads\\\/2018\\\/03\\\/logo.jpg\",\"contentUrl\":\"https:\\\/\\\/zelbukis.lt\\\/wp-content\\\/uploads\\\/2018\\\/03\\\/logo.jpg\",\"width\":186,\"height\":101,\"caption\":\"Zelbukis - miltai sveikiems \u017emon\u0117ms!\"},\"image\":{\"@id\":\"https:\\\/\\\/zelbukis.lt\\\/#\\\/schema\\\/logo\\\/image\\\/\"},\"sameAs\":[\"https:\\\/\\\/www.facebook.com\\\/Zelbukis-205677766113769\\\/\",\"https:\\\/\\\/www.instagram.com\\\/zelbukis\\\/\"]}]}<\/script>\n<!-- \/ Yoast SEO plugin. -->","yoast_head_json":{"title":"Rup\u016bs spelt\u0173 miltai (vis\u0173 gr\u016bdo dali\u0173) - Zelbukis - Miltai","description":"Viso gr\u016bdo rupaus malimo Spelt\u0173 miltai yra patys sveikiausi ir maistingiausi. Jie tinka sausainiams, pyragams, duonel\u0117ms kepti. Zelb\u0173 \u0161eimyna rekomenduoja!","robots":{"index":"index","follow":"follow","max-snippet":"max-snippet:-1","max-image-preview":"max-image-preview:large","max-video-preview":"max-video-preview:-1"},"canonical":"https:\/\/zelbukis.lt\/en\/product\/spelta\/","og_locale":"en_GB","og_type":"article","og_title":"Rup\u016bs spelt\u0173 miltai (vis\u0173 gr\u016bdo dali\u0173) - Zelbukis - Miltai","og_description":"Viso gr\u016bdo rupaus malimo Spelt\u0173 miltai yra patys sveikiausi ir maistingiausi. Jie tinka sausainiams, pyragams, duonel\u0117ms kepti. Zelb\u0173 \u0161eimyna rekomenduoja!","og_url":"https:\/\/zelbukis.lt\/en\/product\/spelta\/","og_site_name":"Zelbukis","article_publisher":"https:\/\/www.facebook.com\/Zelbukis-205677766113769\/","article_modified_time":"2026-05-13T10:03:42+00:00","og_image":[{"width":1417,"height":1004,"url":"https:\/\/zelbukis.lt\/wp-content\/uploads\/2015\/05\/rupus-speltu-1.jpg","type":"image\/jpeg"}],"twitter_card":"summary_large_image","twitter_misc":{"Estimated reading time":"1 minute"},"schema":{"@context":"https:\/\/schema.org","@graph":[{"@type":"WebPage","@id":"https:\/\/zelbukis.lt\/produktas\/spelta\/","url":"https:\/\/zelbukis.lt\/produktas\/spelta\/","name":"Rup\u016bs spelt\u0173 miltai (vis\u0173 gr\u016bdo dali\u0173) - Zelbukis - Miltai","isPartOf":{"@id":"https:\/\/zelbukis.lt\/#website"},"primaryImageOfPage":{"@id":"https:\/\/zelbukis.lt\/produktas\/spelta\/#primaryimage"},"image":{"@id":"https:\/\/zelbukis.lt\/produktas\/spelta\/#primaryimage"},"thumbnailUrl":"https:\/\/zelbukis.lt\/wp-content\/uploads\/2015\/05\/rupus-speltu-1.jpg","datePublished":"2015-05-07T11:32:12+00:00","dateModified":"2026-05-13T10:03:42+00:00","description":"Viso gr\u016bdo rupaus malimo Spelt\u0173 miltai yra patys sveikiausi ir maistingiausi. Jie tinka sausainiams, pyragams, duonel\u0117ms kepti. Zelb\u0173 \u0161eimyna rekomenduoja!","breadcrumb":{"@id":"https:\/\/zelbukis.lt\/produktas\/spelta\/#breadcrumb"},"inLanguage":"en-GB","potentialAction":[{"@type":"ReadAction","target":["https:\/\/zelbukis.lt\/produktas\/spelta\/"]}]},{"@type":"ImageObject","inLanguage":"en-GB","@id":"https:\/\/zelbukis.lt\/produktas\/spelta\/#primaryimage","url":"https:\/\/zelbukis.lt\/wp-content\/uploads\/2015\/05\/rupus-speltu-1.jpg","contentUrl":"https:\/\/zelbukis.lt\/wp-content\/uploads\/2015\/05\/rupus-speltu-1.jpg","width":1417,"height":1004,"caption":"rupus speltu"},{"@type":"BreadcrumbList","@id":"https:\/\/zelbukis.lt\/produktas\/spelta\/#breadcrumb","itemListElement":[{"@type":"ListItem","position":1,"name":"Titulinis","item":"https:\/\/zelbukis.lt\/"},{"@type":"ListItem","position":2,"name":"Parduotuv\u0117","item":"https:\/\/zelbukis.lt\/parduotuve\/"},{"@type":"ListItem","position":3,"name":"Rup\u016bs spelt\u0173 miltai (vis\u0173 gr\u016bdo dali\u0173)"}]},{"@type":"WebSite","@id":"https:\/\/zelbukis.lt\/#website","url":"https:\/\/zelbukis.lt\/","name":"Zelbukis","description":"Miltai sveikiems \u017emon\u0117ms","publisher":{"@id":"https:\/\/zelbukis.lt\/#organization"},"potentialAction":[{"@type":"SearchAction","target":{"@type":"EntryPoint","urlTemplate":"https:\/\/zelbukis.lt\/?s={search_term_string}"},"query-input":{"@type":"PropertyValueSpecification","valueRequired":true,"valueName":"search_term_string"}}],"inLanguage":"en-GB"},{"@type":"Organization","@id":"https:\/\/zelbukis.lt\/#organization","name":"Zelbukis - miltai sveikiems \u017emon\u0117ms!","url":"https:\/\/zelbukis.lt\/","logo":{"@type":"ImageObject","inLanguage":"en-GB","@id":"https:\/\/zelbukis.lt\/#\/schema\/logo\/image\/","url":"https:\/\/zelbukis.lt\/wp-content\/uploads\/2018\/03\/logo.jpg","contentUrl":"https:\/\/zelbukis.lt\/wp-content\/uploads\/2018\/03\/logo.jpg","width":186,"height":101,"caption":"Zelbukis - miltai sveikiems \u017emon\u0117ms!"},"image":{"@id":"https:\/\/zelbukis.lt\/#\/schema\/logo\/image\/"},"sameAs":["https:\/\/www.facebook.com\/Zelbukis-205677766113769\/","https:\/\/www.instagram.com\/zelbukis\/"]}]}},"_links":{"self":[{"href":"https:\/\/zelbukis.lt\/en\/wp-json\/wp\/v2\/product\/1664","targetHints":{"allow":["GET"]}}],"collection":[{"href":"https:\/\/zelbukis.lt\/en\/wp-json\/wp\/v2\/product"}],"about":[{"href":"https:\/\/zelbukis.lt\/en\/wp-json\/wp\/v2\/types\/product"}],"wp:featuredmedia":[{"embeddable":true,"href":"https:\/\/zelbukis.lt\/en\/wp-json\/wp\/v2\/media\/20246"}],"wp:attachment":[{"href":"https:\/\/zelbukis.lt\/en\/wp-json\/wp\/v2\/media?parent=1664"}],"wp:term":[{"taxonomy":"product_brand","embeddable":true,"href":"https:\/\/zelbukis.lt\/en\/wp-json\/wp\/v2\/product_brand?post=1664"},{"taxonomy":"product_cat","embeddable":true,"href":"https:\/\/zelbukis.lt\/en\/wp-json\/wp\/v2\/product_cat?post=1664"},{"taxonomy":"product_tag","embeddable":true,"href":"https:\/\/zelbukis.lt\/en\/wp-json\/wp\/v2\/product_tag?post=1664"}],"curies":[{"name":"wp","href":"https:\/\/api.w.org\/{rel}","templated":true}]}}