{"id":1665,"date":"2015-05-07T09:35:24","date_gmt":"2015-05-07T11:35:24","guid":{"rendered":"http:\/\/welfare.cmsmasters.net\/?post_type=product&#038;p=1665"},"modified":"2026-05-13T15:20:54","modified_gmt":"2026-05-13T12:20:54","slug":"rupus-ruginiai-miltai","status":"publish","type":"product","link":"https:\/\/zelbukis.lt\/en\/product\/rupus-ruginiai-miltai\/","title":{"rendered":"Coarse rye flour (all parts of the grain)"},"content":{"rendered":"<p>Whole rye flour is a bread baker's delight. The flour is obtained by grinding the whole grain in a flour mill, so it retains the fiber and all the nutrients. Whole rye flour is most often used to bake rye bread.<\/p>","protected":false},"excerpt":{"rendered":"<p>Coarse rye flour is a bread baker's delight. The flour is obtained by grinding the whole grain in a flour mill, so it retains the fiber and all the nutrients. Coarse rye flour is most often used to bake rye bread.<\/p>\n<p><img decoding=\"async\" class=\"alignleft wp-image-21761 size-full\" src=\"https:\/\/zelbukis.lt\/wp-content\/uploads\/2025\/03\/rakto-skylute_web.jpg\" alt=\"rakto skylute\" width=\"50\" height=\"51\" \/><\/p>\n<p>&nbsp;<\/p>","protected":false},"featured_media":20249,"template":"","meta":{"site-sidebar-layout":"default","site-content-layout":"","ast-site-content-layout":"default","site-content-style":"default","site-sidebar-style":"default","ast-global-header-display":"","ast-banner-title-visibility":"","ast-main-header-display":"","ast-hfb-above-header-display":"","ast-hfb-below-header-display":"","ast-hfb-mobile-header-display":"","site-post-title":"","ast-breadcrumbs-content":"","ast-featured-img":"","footer-sml-layout":"","ast-disable-related-posts":"","theme-transparent-header-meta":"default","adv-header-id-meta":"","stick-header-meta":"","header-above-stick-meta":"","header-main-stick-meta":"","header-below-stick-meta":"","astra-migrate-meta-layouts":"set","ast-page-background-enabled":"default","ast-page-background-meta":{"desktop":{"background-color":"","background-image":"","background-repeat":"repeat","background-position":"center center","background-size":"auto","background-attachment":"scroll","background-type":"","background-media":"","overlay-type":"","overlay-color":"","overlay-opacity":"","overlay-gradient":""},"tablet":{"background-color":"","background-image":"","background-repeat":"repeat","background-position":"center center","background-size":"auto","background-attachment":"scroll","background-type":"","background-media":"","overlay-type":"","overlay-color":"","overlay-opacity":"","overlay-gradient":""},"mobile":{"background-color":"","background-image":"","background-repeat":"repeat","background-position":"center center","background-size":"auto","background-attachment":"scroll","background-type":"","background-media":"","overlay-type":"","overlay-color":"","overlay-opacity":"","overlay-gradient":""}},"ast-content-background-meta":{"desktop":{"background-color":"var(--ast-global-color-5)","background-image":"","background-repeat":"repeat","background-position":"center center","background-size":"auto","background-attachment":"scroll","background-type":"","background-media":"","overlay-type":"","overlay-color":"","overlay-opacity":"","overlay-gradient":""},"tablet":{"background-color":"var(--ast-global-color-5)","background-image":"","background-repeat":"repeat","background-position":"center center","background-size":"auto","background-attachment":"scroll","background-type":"","background-media":"","overlay-type":"","overlay-color":"","overlay-opacity":"","overlay-gradient":""},"mobile":{"background-color":"var(--ast-global-color-5)","background-image":"","background-repeat":"repeat","background-position":"center center","background-size":"auto","background-attachment":"scroll","background-type":"","background-media":"","overlay-type":"","overlay-color":"","overlay-opacity":"","overlay-gradient":""}}},"product_brand":[],"product_cat":[55],"product_tag":[],"class_list":{"0":"post-1665","1":"product","2":"type-product","3":"status-publish","4":"has-post-thumbnail","6":"product_cat-ruginiai-miltai","7":"desktop-align-center","8":"tablet-align-center","9":"mobile-align-center","11":"first","12":"instock","13":"taxable","14":"shipping-taxable","15":"purchasable","16":"product-type-variable"},"yoast_head":"<!-- This site is optimized with the Yoast SEO plugin v27.5 - https:\/\/yoast.com\/product\/yoast-seo-wordpress\/ -->\n<title>Rup\u016bs ruginiai miltai (vis\u0173 gr\u016bdo dali\u0173) - Zelbukis produktas - Viso gr\u016bdo miltai<\/title>\n<meta name=\"description\" content=\"Zelbukio rup\u016bs ruginiai miltai - tai duoneli\u0173 kep\u0117j\u0173 d\u017eiaugsmas. Malamas visas gr\u016bdas girniniu mal\u016bn\u0117liu, tod\u0117l miltuose i\u0161lieka maistingosios med\u017eiagos.\" \/>\n<meta name=\"robots\" content=\"index, follow, max-snippet:-1, max-image-preview:large, max-video-preview:-1\" \/>\n<link rel=\"canonical\" href=\"https:\/\/zelbukis.lt\/en\/product\/rupus-ruginiai-miltai\/\" \/>\n<meta property=\"og:locale\" content=\"en_GB\" \/>\n<meta property=\"og:type\" content=\"article\" \/>\n<meta property=\"og:title\" content=\"Rup\u016bs ruginiai miltai (vis\u0173 gr\u016bdo dali\u0173) - Zelbukis produktas - Viso gr\u016bdo miltai\" \/>\n<meta property=\"og:description\" content=\"Zelbukio rup\u016bs ruginiai miltai - tai duoneli\u0173 kep\u0117j\u0173 d\u017eiaugsmas. Malamas visas gr\u016bdas girniniu mal\u016bn\u0117liu, tod\u0117l miltuose i\u0161lieka maistingosios med\u017eiagos.\" \/>\n<meta property=\"og:url\" content=\"https:\/\/zelbukis.lt\/en\/product\/rupus-ruginiai-miltai\/\" \/>\n<meta property=\"og:site_name\" content=\"Zelbukis\" \/>\n<meta property=\"article:publisher\" content=\"https:\/\/www.facebook.com\/Zelbukis-205677766113769\/\" \/>\n<meta property=\"article:modified_time\" content=\"2026-05-13T12:20:54+00:00\" \/>\n<meta property=\"og:image\" content=\"https:\/\/zelbukis.lt\/wp-content\/uploads\/2015\/05\/ruginiai-1.jpg\" \/>\n\t<meta property=\"og:image:width\" content=\"1417\" \/>\n\t<meta property=\"og:image:height\" content=\"1063\" \/>\n\t<meta property=\"og:image:type\" content=\"image\/jpeg\" \/>\n<meta name=\"twitter:card\" content=\"summary_large_image\" \/>\n<meta name=\"twitter:label1\" content=\"Estimated reading time\" \/>\n\t<meta name=\"twitter:data1\" content=\"1 minute\" \/>\n<script type=\"application\/ld+json\" class=\"yoast-schema-graph\">{\"@context\":\"https:\\\/\\\/schema.org\",\"@graph\":[{\"@type\":\"WebPage\",\"@id\":\"https:\\\/\\\/zelbukis.lt\\\/produktas\\\/rupus-ruginiai-miltai\\\/\",\"url\":\"https:\\\/\\\/zelbukis.lt\\\/produktas\\\/rupus-ruginiai-miltai\\\/\",\"name\":\"Rup\u016bs ruginiai miltai (vis\u0173 gr\u016bdo dali\u0173) - Zelbukis produktas - Viso gr\u016bdo miltai\",\"isPartOf\":{\"@id\":\"https:\\\/\\\/zelbukis.lt\\\/#website\"},\"primaryImageOfPage\":{\"@id\":\"https:\\\/\\\/zelbukis.lt\\\/produktas\\\/rupus-ruginiai-miltai\\\/#primaryimage\"},\"image\":{\"@id\":\"https:\\\/\\\/zelbukis.lt\\\/produktas\\\/rupus-ruginiai-miltai\\\/#primaryimage\"},\"thumbnailUrl\":\"https:\\\/\\\/zelbukis.lt\\\/wp-content\\\/uploads\\\/2015\\\/05\\\/ruginiai-1.jpg\",\"datePublished\":\"2015-05-07T11:35:24+00:00\",\"dateModified\":\"2026-05-13T12:20:54+00:00\",\"description\":\"Zelbukio rup\u016bs ruginiai miltai - tai duoneli\u0173 kep\u0117j\u0173 d\u017eiaugsmas. Malamas visas gr\u016bdas girniniu mal\u016bn\u0117liu, tod\u0117l miltuose i\u0161lieka maistingosios med\u017eiagos.\",\"breadcrumb\":{\"@id\":\"https:\\\/\\\/zelbukis.lt\\\/produktas\\\/rupus-ruginiai-miltai\\\/#breadcrumb\"},\"inLanguage\":\"en-GB\",\"potentialAction\":[{\"@type\":\"ReadAction\",\"target\":[\"https:\\\/\\\/zelbukis.lt\\\/produktas\\\/rupus-ruginiai-miltai\\\/\"]}]},{\"@type\":\"ImageObject\",\"inLanguage\":\"en-GB\",\"@id\":\"https:\\\/\\\/zelbukis.lt\\\/produktas\\\/rupus-ruginiai-miltai\\\/#primaryimage\",\"url\":\"https:\\\/\\\/zelbukis.lt\\\/wp-content\\\/uploads\\\/2015\\\/05\\\/ruginiai-1.jpg\",\"contentUrl\":\"https:\\\/\\\/zelbukis.lt\\\/wp-content\\\/uploads\\\/2015\\\/05\\\/ruginiai-1.jpg\",\"width\":1417,\"height\":1063,\"caption\":\"rupus ruginiai\"},{\"@type\":\"BreadcrumbList\",\"@id\":\"https:\\\/\\\/zelbukis.lt\\\/produktas\\\/rupus-ruginiai-miltai\\\/#breadcrumb\",\"itemListElement\":[{\"@type\":\"ListItem\",\"position\":1,\"name\":\"Titulinis\",\"item\":\"https:\\\/\\\/zelbukis.lt\\\/\"},{\"@type\":\"ListItem\",\"position\":2,\"name\":\"Parduotuv\u0117\",\"item\":\"https:\\\/\\\/zelbukis.lt\\\/parduotuve\\\/\"},{\"@type\":\"ListItem\",\"position\":3,\"name\":\"Rup\u016bs ruginiai miltai (vis\u0173 gr\u016bdo dali\u0173)\"}]},{\"@type\":\"WebSite\",\"@id\":\"https:\\\/\\\/zelbukis.lt\\\/#website\",\"url\":\"https:\\\/\\\/zelbukis.lt\\\/\",\"name\":\"Zelbukis\",\"description\":\"Miltai sveikiems \u017emon\u0117ms\",\"publisher\":{\"@id\":\"https:\\\/\\\/zelbukis.lt\\\/#organization\"},\"potentialAction\":[{\"@type\":\"SearchAction\",\"target\":{\"@type\":\"EntryPoint\",\"urlTemplate\":\"https:\\\/\\\/zelbukis.lt\\\/?s={search_term_string}\"},\"query-input\":{\"@type\":\"PropertyValueSpecification\",\"valueRequired\":true,\"valueName\":\"search_term_string\"}}],\"inLanguage\":\"en-GB\"},{\"@type\":\"Organization\",\"@id\":\"https:\\\/\\\/zelbukis.lt\\\/#organization\",\"name\":\"Zelbukis - miltai sveikiems \u017emon\u0117ms!\",\"url\":\"https:\\\/\\\/zelbukis.lt\\\/\",\"logo\":{\"@type\":\"ImageObject\",\"inLanguage\":\"en-GB\",\"@id\":\"https:\\\/\\\/zelbukis.lt\\\/#\\\/schema\\\/logo\\\/image\\\/\",\"url\":\"https:\\\/\\\/zelbukis.lt\\\/wp-content\\\/uploads\\\/2018\\\/03\\\/logo.jpg\",\"contentUrl\":\"https:\\\/\\\/zelbukis.lt\\\/wp-content\\\/uploads\\\/2018\\\/03\\\/logo.jpg\",\"width\":186,\"height\":101,\"caption\":\"Zelbukis - miltai sveikiems \u017emon\u0117ms!\"},\"image\":{\"@id\":\"https:\\\/\\\/zelbukis.lt\\\/#\\\/schema\\\/logo\\\/image\\\/\"},\"sameAs\":[\"https:\\\/\\\/www.facebook.com\\\/Zelbukis-205677766113769\\\/\",\"https:\\\/\\\/www.instagram.com\\\/zelbukis\\\/\"]}]}<\/script>\n<!-- \/ Yoast SEO plugin. -->","yoast_head_json":{"title":"Rup\u016bs ruginiai miltai (vis\u0173 gr\u016bdo dali\u0173) - Zelbukis produktas - Viso gr\u016bdo miltai","description":"Zelbukio rup\u016bs ruginiai miltai - tai duoneli\u0173 kep\u0117j\u0173 d\u017eiaugsmas. Malamas visas gr\u016bdas girniniu mal\u016bn\u0117liu, tod\u0117l miltuose i\u0161lieka maistingosios med\u017eiagos.","robots":{"index":"index","follow":"follow","max-snippet":"max-snippet:-1","max-image-preview":"max-image-preview:large","max-video-preview":"max-video-preview:-1"},"canonical":"https:\/\/zelbukis.lt\/en\/product\/rupus-ruginiai-miltai\/","og_locale":"en_GB","og_type":"article","og_title":"Rup\u016bs ruginiai miltai (vis\u0173 gr\u016bdo dali\u0173) - Zelbukis produktas - Viso gr\u016bdo miltai","og_description":"Zelbukio rup\u016bs ruginiai miltai - tai duoneli\u0173 kep\u0117j\u0173 d\u017eiaugsmas. Malamas visas gr\u016bdas girniniu mal\u016bn\u0117liu, tod\u0117l miltuose i\u0161lieka maistingosios med\u017eiagos.","og_url":"https:\/\/zelbukis.lt\/en\/product\/rupus-ruginiai-miltai\/","og_site_name":"Zelbukis","article_publisher":"https:\/\/www.facebook.com\/Zelbukis-205677766113769\/","article_modified_time":"2026-05-13T12:20:54+00:00","og_image":[{"width":1417,"height":1063,"url":"https:\/\/zelbukis.lt\/wp-content\/uploads\/2015\/05\/ruginiai-1.jpg","type":"image\/jpeg"}],"twitter_card":"summary_large_image","twitter_misc":{"Estimated reading time":"1 minute"},"schema":{"@context":"https:\/\/schema.org","@graph":[{"@type":"WebPage","@id":"https:\/\/zelbukis.lt\/produktas\/rupus-ruginiai-miltai\/","url":"https:\/\/zelbukis.lt\/produktas\/rupus-ruginiai-miltai\/","name":"Rup\u016bs ruginiai miltai (vis\u0173 gr\u016bdo dali\u0173) - Zelbukis produktas - Viso gr\u016bdo miltai","isPartOf":{"@id":"https:\/\/zelbukis.lt\/#website"},"primaryImageOfPage":{"@id":"https:\/\/zelbukis.lt\/produktas\/rupus-ruginiai-miltai\/#primaryimage"},"image":{"@id":"https:\/\/zelbukis.lt\/produktas\/rupus-ruginiai-miltai\/#primaryimage"},"thumbnailUrl":"https:\/\/zelbukis.lt\/wp-content\/uploads\/2015\/05\/ruginiai-1.jpg","datePublished":"2015-05-07T11:35:24+00:00","dateModified":"2026-05-13T12:20:54+00:00","description":"Zelbukio rup\u016bs ruginiai miltai - tai duoneli\u0173 kep\u0117j\u0173 d\u017eiaugsmas. Malamas visas gr\u016bdas girniniu mal\u016bn\u0117liu, tod\u0117l miltuose i\u0161lieka maistingosios med\u017eiagos.","breadcrumb":{"@id":"https:\/\/zelbukis.lt\/produktas\/rupus-ruginiai-miltai\/#breadcrumb"},"inLanguage":"en-GB","potentialAction":[{"@type":"ReadAction","target":["https:\/\/zelbukis.lt\/produktas\/rupus-ruginiai-miltai\/"]}]},{"@type":"ImageObject","inLanguage":"en-GB","@id":"https:\/\/zelbukis.lt\/produktas\/rupus-ruginiai-miltai\/#primaryimage","url":"https:\/\/zelbukis.lt\/wp-content\/uploads\/2015\/05\/ruginiai-1.jpg","contentUrl":"https:\/\/zelbukis.lt\/wp-content\/uploads\/2015\/05\/ruginiai-1.jpg","width":1417,"height":1063,"caption":"rupus ruginiai"},{"@type":"BreadcrumbList","@id":"https:\/\/zelbukis.lt\/produktas\/rupus-ruginiai-miltai\/#breadcrumb","itemListElement":[{"@type":"ListItem","position":1,"name":"Titulinis","item":"https:\/\/zelbukis.lt\/"},{"@type":"ListItem","position":2,"name":"Parduotuv\u0117","item":"https:\/\/zelbukis.lt\/parduotuve\/"},{"@type":"ListItem","position":3,"name":"Rup\u016bs ruginiai miltai (vis\u0173 gr\u016bdo dali\u0173)"}]},{"@type":"WebSite","@id":"https:\/\/zelbukis.lt\/#website","url":"https:\/\/zelbukis.lt\/","name":"Zelbukis","description":"Miltai sveikiems \u017emon\u0117ms","publisher":{"@id":"https:\/\/zelbukis.lt\/#organization"},"potentialAction":[{"@type":"SearchAction","target":{"@type":"EntryPoint","urlTemplate":"https:\/\/zelbukis.lt\/?s={search_term_string}"},"query-input":{"@type":"PropertyValueSpecification","valueRequired":true,"valueName":"search_term_string"}}],"inLanguage":"en-GB"},{"@type":"Organization","@id":"https:\/\/zelbukis.lt\/#organization","name":"Zelbukis - miltai sveikiems \u017emon\u0117ms!","url":"https:\/\/zelbukis.lt\/","logo":{"@type":"ImageObject","inLanguage":"en-GB","@id":"https:\/\/zelbukis.lt\/#\/schema\/logo\/image\/","url":"https:\/\/zelbukis.lt\/wp-content\/uploads\/2018\/03\/logo.jpg","contentUrl":"https:\/\/zelbukis.lt\/wp-content\/uploads\/2018\/03\/logo.jpg","width":186,"height":101,"caption":"Zelbukis - miltai sveikiems \u017emon\u0117ms!"},"image":{"@id":"https:\/\/zelbukis.lt\/#\/schema\/logo\/image\/"},"sameAs":["https:\/\/www.facebook.com\/Zelbukis-205677766113769\/","https:\/\/www.instagram.com\/zelbukis\/"]}]}},"_links":{"self":[{"href":"https:\/\/zelbukis.lt\/en\/wp-json\/wp\/v2\/product\/1665","targetHints":{"allow":["GET"]}}],"collection":[{"href":"https:\/\/zelbukis.lt\/en\/wp-json\/wp\/v2\/product"}],"about":[{"href":"https:\/\/zelbukis.lt\/en\/wp-json\/wp\/v2\/types\/product"}],"wp:featuredmedia":[{"embeddable":true,"href":"https:\/\/zelbukis.lt\/en\/wp-json\/wp\/v2\/media\/20249"}],"wp:attachment":[{"href":"https:\/\/zelbukis.lt\/en\/wp-json\/wp\/v2\/media?parent=1665"}],"wp:term":[{"taxonomy":"product_brand","embeddable":true,"href":"https:\/\/zelbukis.lt\/en\/wp-json\/wp\/v2\/product_brand?post=1665"},{"taxonomy":"product_cat","embeddable":true,"href":"https:\/\/zelbukis.lt\/en\/wp-json\/wp\/v2\/product_cat?post=1665"},{"taxonomy":"product_tag","embeddable":true,"href":"https:\/\/zelbukis.lt\/en\/wp-json\/wp\/v2\/product_tag?post=1665"}],"curies":[{"name":"wp","href":"https:\/\/api.w.org\/{rel}","templated":true}]}}