{"id":21695,"date":"2025-03-14T20:51:22","date_gmt":"2025-03-14T18:51:22","guid":{"rendered":"https:\/\/zelbukis.lt\/?post_type=product&#038;p=21695"},"modified":"2026-05-10T15:44:33","modified_gmt":"2026-05-10T12:44:33","slug":"traiskytos-avizos-05-kg","status":"publish","type":"product","link":"https:\/\/zelbukis.lt\/en\/product\/traiskytos-avizos-05-kg\/","title":{"rendered":"Crushed oats"},"content":{"rendered":"<p>Thoroughly cleaned, unbleached oats are crushed with all parts of the grain, so all the nutrients of the grain are retained. Crushed oats are perfect for quick porridges, breads, and as a replacement for regular cereals.<\/p>","protected":false},"excerpt":{"rendered":"<p>Thoroughly cleaned, unbleached oats are crushed with all parts of the grain, so all the nutrients of the grain are retained. Crushed oats are perfect for quick porridges, breads, and as a replacement for regular cereals.<\/p>\n<p><em>Because oats are raw, they may naturally have a bitter aftertaste.\u00a0<\/em><\/p>\n<p>Harvest of 2025.<\/p>\n<p><img decoding=\"async\" class=\"alignleft wp-image-21761 size-full\" src=\"https:\/\/zelbukis.lt\/wp-content\/uploads\/2025\/03\/rakto-skylute_web.jpg\" alt=\"rakto skylute\" width=\"50\" height=\"51\" \/><\/p>","protected":false},"featured_media":21890,"template":"","meta":{"site-sidebar-layout":"default","site-content-layout":"","ast-site-content-layout":"default","site-content-style":"default","site-sidebar-style":"default","ast-global-header-display":"","ast-banner-title-visibility":"","ast-main-header-display":"","ast-hfb-above-header-display":"","ast-hfb-below-header-display":"","ast-hfb-mobile-header-display":"","site-post-title":"","ast-breadcrumbs-content":"","ast-featured-img":"","footer-sml-layout":"","ast-disable-related-posts":"","theme-transparent-header-meta":"default","adv-header-id-meta":"","stick-header-meta":"","header-above-stick-meta":"","header-main-stick-meta":"","header-below-stick-meta":"","astra-migrate-meta-layouts":"set","ast-page-background-enabled":"default","ast-page-background-meta":{"desktop":{"background-color":"","background-image":"","background-repeat":"repeat","background-position":"center center","background-size":"auto","background-attachment":"scroll","background-type":"","background-media":"","overlay-type":"","overlay-color":"","overlay-opacity":"","overlay-gradient":""},"tablet":{"background-color":"","background-image":"","background-repeat":"repeat","background-position":"center center","background-size":"auto","background-attachment":"scroll","background-type":"","background-media":"","overlay-type":"","overlay-color":"","overlay-opacity":"","overlay-gradient":""},"mobile":{"background-color":"","background-image":"","background-repeat":"repeat","background-position":"center center","background-size":"auto","background-attachment":"scroll","background-type":"","background-media":"","overlay-type":"","overlay-color":"","overlay-opacity":"","overlay-gradient":""}},"ast-content-background-meta":{"desktop":{"background-color":"var(--ast-global-color-5)","background-image":"","background-repeat":"repeat","background-position":"center center","background-size":"auto","background-attachment":"scroll","background-type":"","background-media":"","overlay-type":"","overlay-color":"","overlay-opacity":"","overlay-gradient":""},"tablet":{"background-color":"var(--ast-global-color-5)","background-image":"","background-repeat":"repeat","background-position":"center center","background-size":"auto","background-attachment":"scroll","background-type":"","background-media":"","overlay-type":"","overlay-color":"","overlay-opacity":"","overlay-gradient":""},"mobile":{"background-color":"var(--ast-global-color-5)","background-image":"","background-repeat":"repeat","background-position":"center center","background-size":"auto","background-attachment":"scroll","background-type":"","background-media":"","overlay-type":"","overlay-color":"","overlay-opacity":"","overlay-gradient":""}}},"product_brand":[],"product_cat":[218],"product_tag":[],"class_list":{"0":"post-21695","1":"product","2":"type-product","3":"status-publish","4":"has-post-thumbnail","6":"product_cat-kruopos-grudai","7":"desktop-align-center","8":"tablet-align-center","9":"mobile-align-center","11":"first","12":"outofstock","13":"taxable","14":"shipping-taxable","15":"purchasable","16":"product-type-variable"},"yoast_head":"<!-- This site is optimized with the Yoast SEO plugin v27.5 - https:\/\/yoast.com\/product\/yoast-seo-wordpress\/ -->\n<title>Trai\u0161kytos avi\u017eos - Zelbukis<\/title>\n<meta name=\"description\" content=\"Nat\u016bralios trai\u0161kytos avi\u017eos i\u0161 \u016bkio. Tinka ko\u0161\u0117ms, kepiniams ir sveikiems pusry\u010diams.\" \/>\n<meta name=\"robots\" content=\"index, follow, max-snippet:-1, max-image-preview:large, max-video-preview:-1\" \/>\n<link rel=\"canonical\" href=\"https:\/\/zelbukis.lt\/en\/product\/traiskytos-avizos-05-kg\/\" \/>\n<meta property=\"og:locale\" content=\"en_GB\" \/>\n<meta property=\"og:type\" content=\"article\" \/>\n<meta property=\"og:title\" content=\"Trai\u0161kytos avi\u017eos - Zelbukis\" \/>\n<meta property=\"og:description\" content=\"Nat\u016bralios trai\u0161kytos avi\u017eos i\u0161 \u016bkio. Tinka ko\u0161\u0117ms, kepiniams ir sveikiems pusry\u010diams.\" \/>\n<meta property=\"og:url\" content=\"https:\/\/zelbukis.lt\/en\/product\/traiskytos-avizos-05-kg\/\" \/>\n<meta property=\"og:site_name\" content=\"Zelbukis\" \/>\n<meta property=\"article:publisher\" content=\"https:\/\/www.facebook.com\/Zelbukis-205677766113769\/\" \/>\n<meta property=\"article:modified_time\" content=\"2026-05-10T12:44:33+00:00\" \/>\n<meta property=\"og:image\" content=\"https:\/\/zelbukis.lt\/wp-content\/uploads\/2025\/03\/traiskytos_avizos.jpg\" \/>\n\t<meta property=\"og:image:width\" content=\"500\" \/>\n\t<meta property=\"og:image:height\" content=\"385\" \/>\n\t<meta property=\"og:image:type\" content=\"image\/jpeg\" \/>\n<meta name=\"twitter:card\" content=\"summary_large_image\" \/>\n<meta name=\"twitter:label1\" content=\"Estimated reading time\" \/>\n\t<meta name=\"twitter:data1\" content=\"1 minute\" \/>\n<script type=\"application\/ld+json\" class=\"yoast-schema-graph\">{\"@context\":\"https:\\\/\\\/schema.org\",\"@graph\":[{\"@type\":\"WebPage\",\"@id\":\"https:\\\/\\\/zelbukis.lt\\\/produktas\\\/traiskytos-avizos-05-kg\\\/\",\"url\":\"https:\\\/\\\/zelbukis.lt\\\/produktas\\\/traiskytos-avizos-05-kg\\\/\",\"name\":\"Trai\u0161kytos avi\u017eos - Zelbukis\",\"isPartOf\":{\"@id\":\"https:\\\/\\\/zelbukis.lt\\\/#website\"},\"primaryImageOfPage\":{\"@id\":\"https:\\\/\\\/zelbukis.lt\\\/produktas\\\/traiskytos-avizos-05-kg\\\/#primaryimage\"},\"image\":{\"@id\":\"https:\\\/\\\/zelbukis.lt\\\/produktas\\\/traiskytos-avizos-05-kg\\\/#primaryimage\"},\"thumbnailUrl\":\"https:\\\/\\\/zelbukis.lt\\\/wp-content\\\/uploads\\\/2025\\\/03\\\/traiskytos_avizos.jpg\",\"datePublished\":\"2025-03-14T18:51:22+00:00\",\"dateModified\":\"2026-05-10T12:44:33+00:00\",\"description\":\"Nat\u016bralios trai\u0161kytos avi\u017eos i\u0161 \u016bkio. Tinka ko\u0161\u0117ms, kepiniams ir sveikiems pusry\u010diams.\",\"breadcrumb\":{\"@id\":\"https:\\\/\\\/zelbukis.lt\\\/produktas\\\/traiskytos-avizos-05-kg\\\/#breadcrumb\"},\"inLanguage\":\"en-GB\",\"potentialAction\":[{\"@type\":\"ReadAction\",\"target\":[\"https:\\\/\\\/zelbukis.lt\\\/produktas\\\/traiskytos-avizos-05-kg\\\/\"]}]},{\"@type\":\"ImageObject\",\"inLanguage\":\"en-GB\",\"@id\":\"https:\\\/\\\/zelbukis.lt\\\/produktas\\\/traiskytos-avizos-05-kg\\\/#primaryimage\",\"url\":\"https:\\\/\\\/zelbukis.lt\\\/wp-content\\\/uploads\\\/2025\\\/03\\\/traiskytos_avizos.jpg\",\"contentUrl\":\"https:\\\/\\\/zelbukis.lt\\\/wp-content\\\/uploads\\\/2025\\\/03\\\/traiskytos_avizos.jpg\",\"width\":500,\"height\":385,\"caption\":\"traiskytos_avizos\"},{\"@type\":\"BreadcrumbList\",\"@id\":\"https:\\\/\\\/zelbukis.lt\\\/produktas\\\/traiskytos-avizos-05-kg\\\/#breadcrumb\",\"itemListElement\":[{\"@type\":\"ListItem\",\"position\":1,\"name\":\"Titulinis\",\"item\":\"https:\\\/\\\/zelbukis.lt\\\/\"},{\"@type\":\"ListItem\",\"position\":2,\"name\":\"Parduotuv\u0117\",\"item\":\"https:\\\/\\\/zelbukis.lt\\\/parduotuve\\\/\"},{\"@type\":\"ListItem\",\"position\":3,\"name\":\"Trai\u0161kytos avi\u017eos\"}]},{\"@type\":\"WebSite\",\"@id\":\"https:\\\/\\\/zelbukis.lt\\\/#website\",\"url\":\"https:\\\/\\\/zelbukis.lt\\\/\",\"name\":\"Zelbukis\",\"description\":\"Miltai sveikiems \u017emon\u0117ms\",\"publisher\":{\"@id\":\"https:\\\/\\\/zelbukis.lt\\\/#organization\"},\"potentialAction\":[{\"@type\":\"SearchAction\",\"target\":{\"@type\":\"EntryPoint\",\"urlTemplate\":\"https:\\\/\\\/zelbukis.lt\\\/?s={search_term_string}\"},\"query-input\":{\"@type\":\"PropertyValueSpecification\",\"valueRequired\":true,\"valueName\":\"search_term_string\"}}],\"inLanguage\":\"en-GB\"},{\"@type\":\"Organization\",\"@id\":\"https:\\\/\\\/zelbukis.lt\\\/#organization\",\"name\":\"Zelbukis - miltai sveikiems \u017emon\u0117ms!\",\"url\":\"https:\\\/\\\/zelbukis.lt\\\/\",\"logo\":{\"@type\":\"ImageObject\",\"inLanguage\":\"en-GB\",\"@id\":\"https:\\\/\\\/zelbukis.lt\\\/#\\\/schema\\\/logo\\\/image\\\/\",\"url\":\"https:\\\/\\\/zelbukis.lt\\\/wp-content\\\/uploads\\\/2018\\\/03\\\/logo.jpg\",\"contentUrl\":\"https:\\\/\\\/zelbukis.lt\\\/wp-content\\\/uploads\\\/2018\\\/03\\\/logo.jpg\",\"width\":186,\"height\":101,\"caption\":\"Zelbukis - miltai sveikiems \u017emon\u0117ms!\"},\"image\":{\"@id\":\"https:\\\/\\\/zelbukis.lt\\\/#\\\/schema\\\/logo\\\/image\\\/\"},\"sameAs\":[\"https:\\\/\\\/www.facebook.com\\\/Zelbukis-205677766113769\\\/\",\"https:\\\/\\\/www.instagram.com\\\/zelbukis\\\/\"]}]}<\/script>\n<!-- \/ Yoast SEO plugin. -->","yoast_head_json":{"title":"Trai\u0161kytos avi\u017eos - Zelbukis","description":"Nat\u016bralios trai\u0161kytos avi\u017eos i\u0161 \u016bkio. Tinka ko\u0161\u0117ms, kepiniams ir sveikiems pusry\u010diams.","robots":{"index":"index","follow":"follow","max-snippet":"max-snippet:-1","max-image-preview":"max-image-preview:large","max-video-preview":"max-video-preview:-1"},"canonical":"https:\/\/zelbukis.lt\/en\/product\/traiskytos-avizos-05-kg\/","og_locale":"en_GB","og_type":"article","og_title":"Trai\u0161kytos avi\u017eos - Zelbukis","og_description":"Nat\u016bralios trai\u0161kytos avi\u017eos i\u0161 \u016bkio. Tinka ko\u0161\u0117ms, kepiniams ir sveikiems pusry\u010diams.","og_url":"https:\/\/zelbukis.lt\/en\/product\/traiskytos-avizos-05-kg\/","og_site_name":"Zelbukis","article_publisher":"https:\/\/www.facebook.com\/Zelbukis-205677766113769\/","article_modified_time":"2026-05-10T12:44:33+00:00","og_image":[{"width":500,"height":385,"url":"https:\/\/zelbukis.lt\/wp-content\/uploads\/2025\/03\/traiskytos_avizos.jpg","type":"image\/jpeg"}],"twitter_card":"summary_large_image","twitter_misc":{"Estimated reading time":"1 minute"},"schema":{"@context":"https:\/\/schema.org","@graph":[{"@type":"WebPage","@id":"https:\/\/zelbukis.lt\/produktas\/traiskytos-avizos-05-kg\/","url":"https:\/\/zelbukis.lt\/produktas\/traiskytos-avizos-05-kg\/","name":"Trai\u0161kytos avi\u017eos - Zelbukis","isPartOf":{"@id":"https:\/\/zelbukis.lt\/#website"},"primaryImageOfPage":{"@id":"https:\/\/zelbukis.lt\/produktas\/traiskytos-avizos-05-kg\/#primaryimage"},"image":{"@id":"https:\/\/zelbukis.lt\/produktas\/traiskytos-avizos-05-kg\/#primaryimage"},"thumbnailUrl":"https:\/\/zelbukis.lt\/wp-content\/uploads\/2025\/03\/traiskytos_avizos.jpg","datePublished":"2025-03-14T18:51:22+00:00","dateModified":"2026-05-10T12:44:33+00:00","description":"Nat\u016bralios trai\u0161kytos avi\u017eos i\u0161 \u016bkio. Tinka ko\u0161\u0117ms, kepiniams ir sveikiems pusry\u010diams.","breadcrumb":{"@id":"https:\/\/zelbukis.lt\/produktas\/traiskytos-avizos-05-kg\/#breadcrumb"},"inLanguage":"en-GB","potentialAction":[{"@type":"ReadAction","target":["https:\/\/zelbukis.lt\/produktas\/traiskytos-avizos-05-kg\/"]}]},{"@type":"ImageObject","inLanguage":"en-GB","@id":"https:\/\/zelbukis.lt\/produktas\/traiskytos-avizos-05-kg\/#primaryimage","url":"https:\/\/zelbukis.lt\/wp-content\/uploads\/2025\/03\/traiskytos_avizos.jpg","contentUrl":"https:\/\/zelbukis.lt\/wp-content\/uploads\/2025\/03\/traiskytos_avizos.jpg","width":500,"height":385,"caption":"traiskytos_avizos"},{"@type":"BreadcrumbList","@id":"https:\/\/zelbukis.lt\/produktas\/traiskytos-avizos-05-kg\/#breadcrumb","itemListElement":[{"@type":"ListItem","position":1,"name":"Titulinis","item":"https:\/\/zelbukis.lt\/"},{"@type":"ListItem","position":2,"name":"Parduotuv\u0117","item":"https:\/\/zelbukis.lt\/parduotuve\/"},{"@type":"ListItem","position":3,"name":"Trai\u0161kytos avi\u017eos"}]},{"@type":"WebSite","@id":"https:\/\/zelbukis.lt\/#website","url":"https:\/\/zelbukis.lt\/","name":"Zelbukis","description":"Miltai sveikiems \u017emon\u0117ms","publisher":{"@id":"https:\/\/zelbukis.lt\/#organization"},"potentialAction":[{"@type":"SearchAction","target":{"@type":"EntryPoint","urlTemplate":"https:\/\/zelbukis.lt\/?s={search_term_string}"},"query-input":{"@type":"PropertyValueSpecification","valueRequired":true,"valueName":"search_term_string"}}],"inLanguage":"en-GB"},{"@type":"Organization","@id":"https:\/\/zelbukis.lt\/#organization","name":"Zelbukis - miltai sveikiems \u017emon\u0117ms!","url":"https:\/\/zelbukis.lt\/","logo":{"@type":"ImageObject","inLanguage":"en-GB","@id":"https:\/\/zelbukis.lt\/#\/schema\/logo\/image\/","url":"https:\/\/zelbukis.lt\/wp-content\/uploads\/2018\/03\/logo.jpg","contentUrl":"https:\/\/zelbukis.lt\/wp-content\/uploads\/2018\/03\/logo.jpg","width":186,"height":101,"caption":"Zelbukis - miltai sveikiems \u017emon\u0117ms!"},"image":{"@id":"https:\/\/zelbukis.lt\/#\/schema\/logo\/image\/"},"sameAs":["https:\/\/www.facebook.com\/Zelbukis-205677766113769\/","https:\/\/www.instagram.com\/zelbukis\/"]}]}},"_links":{"self":[{"href":"https:\/\/zelbukis.lt\/en\/wp-json\/wp\/v2\/product\/21695","targetHints":{"allow":["GET"]}}],"collection":[{"href":"https:\/\/zelbukis.lt\/en\/wp-json\/wp\/v2\/product"}],"about":[{"href":"https:\/\/zelbukis.lt\/en\/wp-json\/wp\/v2\/types\/product"}],"wp:featuredmedia":[{"embeddable":true,"href":"https:\/\/zelbukis.lt\/en\/wp-json\/wp\/v2\/media\/21890"}],"wp:attachment":[{"href":"https:\/\/zelbukis.lt\/en\/wp-json\/wp\/v2\/media?parent=21695"}],"wp:term":[{"taxonomy":"product_brand","embeddable":true,"href":"https:\/\/zelbukis.lt\/en\/wp-json\/wp\/v2\/product_brand?post=21695"},{"taxonomy":"product_cat","embeddable":true,"href":"https:\/\/zelbukis.lt\/en\/wp-json\/wp\/v2\/product_cat?post=21695"},{"taxonomy":"product_tag","embeddable":true,"href":"https:\/\/zelbukis.lt\/en\/wp-json\/wp\/v2\/product_tag?post=21695"}],"curies":[{"name":"wp","href":"https:\/\/api.w.org\/{rel}","templated":true}]}}